{"id":39,"date":"2022-05-31T00:01:26","date_gmt":"2022-05-31T03:01:26","guid":{"rendered":"http:\/\/deportes.unsa.edu.ar\/?page_id=39"},"modified":"2022-06-06T09:43:43","modified_gmt":"2022-06-06T12:43:43","slug":"sala-de-musculacion","status":"publish","type":"page","link":"https:\/\/deportes.unsa.edu.ar\/index.php\/sala-de-musculacion\/","title":{"rendered":"SALA DE MUSCULACI\u00d3N"},"content":{"rendered":"\n<p class=\"has-text-align-center has-black-color has-vivid-green-cyan-background-color has-text-color has-background has-medium-font-size\" style=\"font-style:italic;font-weight:800\"><strong><em>\u00bfC\u00f3mo me inscribo?<\/em><\/strong><\/p>\n\n\n\n<p class=\"has-black-color has-text-color has-medium-font-size\">Para inscribirte, ten\u00e9s que llenar el siguiente formulario: <\/p>\n\n\n\n<p class=\"has-text-align-left has-vivid-cyan-blue-color has-text-color has-medium-font-size\"><a href=\"https:\/\/docs.google.com\/forms\/d\/e\/1FAIpQLScvXZ_DietBsH8E9deRxvKY7yHe_sdi8qGcdHE0CTpK1n_EJg\/viewform\">https:\/\/docs.google.com\/forms\/d\/e\/1FAIpQLScvXZ_DietBsH8E9deRxvKY7yHe_sdi8qGcdHE0CTpK1n_EJg\/viewform<\/a><\/p>\n\n\n\n<p><\/p>\n\n\n\n<p class=\"has-black-color has-text-color has-medium-font-size\">Luego, ten\u00e9s que reunir estos papeles:<\/p>\n\n\n\n<p class=\"has-black-color has-text-color has-medium-font-size\" style=\"font-style:normal;font-weight:700\">-Apto F\u00edsico emitido por la Direcci\u00f3n de Salud Universitaria<\/p>\n\n\n\n<p class=\"has-black-color has-text-color has-medium-font-size\" style=\"font-style:normal;font-weight:700\">-Copia de constancia de alumno regular o constancia de preinscripci\u00f3n<\/p>\n\n\n\n<p class=\"has-black-color has-text-color has-medium-font-size\" style=\"font-style:normal;font-weight:700\">-Dos fotos 4&#215;4 <\/p>\n\n\n\n<p class=\"has-black-color has-text-color\">Una vez que tengas todo, acercate a la Direcci\u00f3n de Ed. F\u00edsica y Deportes para entregar los papeles. Ah\u00ed, te ser\u00e1 entregado el carnet que acredita tu ingreso a la Sala de Musculaci\u00f3n. Simplemente, al ingresar les mostr\u00e1s el carnet a los profes Raquel S\u00e1ngary y Marcelo Acevedo, por el turno ma\u00f1ana, o al profe Luis Gonz\u00e1lez en el turno tarde, y listo, ya pod\u00e9s acceder y hacer uso de la Sala.<\/p>\n\n\n\n<p class=\"has-black-color has-text-color\" style=\"font-style:normal;font-weight:700\">El arancel mensual es de $30.<\/p>\n\n\n\n<p class=\"has-text-align-center has-black-color has-vivid-green-cyan-background-color has-text-color has-background has-medium-font-size\"><strong>HORARIOS<\/strong><\/p>\n\n\n\n<div class=\"wp-block-group is-vertical is-content-justification-center is-layout-flex wp-container-core-group-is-layout-4b2eccd6 wp-block-group-is-layout-flex\">\n<p class=\"has-black-color has-text-color\">   <strong>TURNO MA\u00d1ANA<\/strong><\/p>\n\n\n\n<p class=\"has-black-color has-text-color\">8 a 13 hs &#8211; Prof. Raquel S\u00e1ngary<\/p>\n\n\n\n<p class=\"has-black-color has-text-color\">                    Prof. Marcelo Acevedo<\/p>\n\n\n\n<p class=\"has-black-color has-text-color\"><strong>TURNO TARDE<\/strong><\/p>\n\n\n\n<p class=\"has-black-color has-text-color\">16 a 21 hs &#8211; Prof. Luis Gonz\u00e1lez<\/p>\n\n\n\n<p><\/p>\n<\/div>\n\n\n<div class=\"wp-block-image\">\n<figure class=\"aligncenter size-large is-resized\"><img loading=\"lazy\" decoding=\"async\" src=\"https:\/\/deportes.unsa.edu.ar\/wp-content\/uploads\/2022\/05\/20220531_094351-1024x461.jpg\" alt=\"\" class=\"wp-image-66\" width=\"1007\" height=\"453\" srcset=\"https:\/\/deportes.unsa.edu.ar\/wp-content\/uploads\/2022\/05\/20220531_094351-1024x461.jpg 1024w, https:\/\/deportes.unsa.edu.ar\/wp-content\/uploads\/2022\/05\/20220531_094351-300x135.jpg 300w, https:\/\/deportes.unsa.edu.ar\/wp-content\/uploads\/2022\/05\/20220531_094351-768x346.jpg 768w, https:\/\/deportes.unsa.edu.ar\/wp-content\/uploads\/2022\/05\/20220531_094351-1536x691.jpg 1536w, https:\/\/deportes.unsa.edu.ar\/wp-content\/uploads\/2022\/05\/20220531_094351-2048x922.jpg 2048w, https:\/\/deportes.unsa.edu.ar\/wp-content\/uploads\/2022\/05\/20220531_094351-133x60.jpg 133w\" sizes=\"auto, (max-width: 1007px) 100vw, 1007px\" \/><\/figure>\n<\/div>\n\n\n<p><\/p>\n\n\n\n<figure class=\"wp-block-gallery has-nested-images columns-default is-cropped wp-block-gallery-1 is-layout-flex wp-block-gallery-is-layout-flex\">\n<figure class=\"wp-block-image size-large\"><img loading=\"lazy\" decoding=\"async\" width=\"1024\" height=\"461\" data-id=\"86\" src=\"https:\/\/deportes.unsa.edu.ar\/wp-content\/uploads\/2022\/05\/20220531_094300-1024x461.jpg\" alt=\"\" class=\"wp-image-86\" srcset=\"https:\/\/deportes.unsa.edu.ar\/wp-content\/uploads\/2022\/05\/20220531_094300-1024x461.jpg 1024w, https:\/\/deportes.unsa.edu.ar\/wp-content\/uploads\/2022\/05\/20220531_094300-300x135.jpg 300w, https:\/\/deportes.unsa.edu.ar\/wp-content\/uploads\/2022\/05\/20220531_094300-768x346.jpg 768w, https:\/\/deportes.unsa.edu.ar\/wp-content\/uploads\/2022\/05\/20220531_094300-1536x691.jpg 1536w, https:\/\/deportes.unsa.edu.ar\/wp-content\/uploads\/2022\/05\/20220531_094300-2048x922.jpg 2048w, https:\/\/deportes.unsa.edu.ar\/wp-content\/uploads\/2022\/05\/20220531_094300-133x60.jpg 133w\" sizes=\"auto, (max-width: 1024px) 100vw, 1024px\" \/><\/figure>\n\n\n\n<figure class=\"wp-block-image size-large\"><img loading=\"lazy\" decoding=\"async\" width=\"1024\" height=\"461\" data-id=\"87\" src=\"https:\/\/deportes.unsa.edu.ar\/wp-content\/uploads\/2022\/05\/20220531_094316-1024x461.jpg\" alt=\"\" class=\"wp-image-87\" srcset=\"https:\/\/deportes.unsa.edu.ar\/wp-content\/uploads\/2022\/05\/20220531_094316-1024x461.jpg 1024w, https:\/\/deportes.unsa.edu.ar\/wp-content\/uploads\/2022\/05\/20220531_094316-300x135.jpg 300w, https:\/\/deportes.unsa.edu.ar\/wp-content\/uploads\/2022\/05\/20220531_094316-768x346.jpg 768w, https:\/\/deportes.unsa.edu.ar\/wp-content\/uploads\/2022\/05\/20220531_094316-1536x691.jpg 1536w, https:\/\/deportes.unsa.edu.ar\/wp-content\/uploads\/2022\/05\/20220531_094316-2048x922.jpg 2048w, https:\/\/deportes.unsa.edu.ar\/wp-content\/uploads\/2022\/05\/20220531_094316-133x60.jpg 133w\" sizes=\"auto, (max-width: 1024px) 100vw, 1024px\" \/><\/figure>\n\n\n\n<figure class=\"wp-block-image size-large\"><img loading=\"lazy\" decoding=\"async\" width=\"1024\" height=\"461\" data-id=\"85\" src=\"https:\/\/deportes.unsa.edu.ar\/wp-content\/uploads\/2022\/05\/20220531_094338-1024x461.jpg\" alt=\"\" class=\"wp-image-85\" srcset=\"https:\/\/deportes.unsa.edu.ar\/wp-content\/uploads\/2022\/05\/20220531_094338-1024x461.jpg 1024w, https:\/\/deportes.unsa.edu.ar\/wp-content\/uploads\/2022\/05\/20220531_094338-300x135.jpg 300w, https:\/\/deportes.unsa.edu.ar\/wp-content\/uploads\/2022\/05\/20220531_094338-768x346.jpg 768w, https:\/\/deportes.unsa.edu.ar\/wp-content\/uploads\/2022\/05\/20220531_094338-1536x692.jpg 1536w, https:\/\/deportes.unsa.edu.ar\/wp-content\/uploads\/2022\/05\/20220531_094338-2048x922.jpg 2048w, https:\/\/deportes.unsa.edu.ar\/wp-content\/uploads\/2022\/05\/20220531_094338-133x60.jpg 133w\" sizes=\"auto, (max-width: 1024px) 100vw, 1024px\" \/><\/figure>\n\n\n\n<figure class=\"wp-block-image size-large\"><img loading=\"lazy\" decoding=\"async\" width=\"1024\" height=\"461\" data-id=\"88\" src=\"https:\/\/deportes.unsa.edu.ar\/wp-content\/uploads\/2022\/05\/20220531_094429-1024x461.jpg\" alt=\"\" class=\"wp-image-88\" srcset=\"https:\/\/deportes.unsa.edu.ar\/wp-content\/uploads\/2022\/05\/20220531_094429-1024x461.jpg 1024w, https:\/\/deportes.unsa.edu.ar\/wp-content\/uploads\/2022\/05\/20220531_094429-300x135.jpg 300w, https:\/\/deportes.unsa.edu.ar\/wp-content\/uploads\/2022\/05\/20220531_094429-768x346.jpg 768w, https:\/\/deportes.unsa.edu.ar\/wp-content\/uploads\/2022\/05\/20220531_094429-1536x691.jpg 1536w, https:\/\/deportes.unsa.edu.ar\/wp-content\/uploads\/2022\/05\/20220531_094429-2048x922.jpg 2048w, https:\/\/deportes.unsa.edu.ar\/wp-content\/uploads\/2022\/05\/20220531_094429-133x60.jpg 133w\" sizes=\"auto, (max-width: 1024px) 100vw, 1024px\" \/><\/figure>\n<\/figure>\n\n\n\n<figure class=\"wp-block-gallery has-nested-images columns-default is-cropped wp-block-gallery-2 is-layout-flex wp-block-gallery-is-layout-flex\">\n<figure class=\"wp-block-image size-large\"><img loading=\"lazy\" decoding=\"async\" width=\"1024\" height=\"461\" data-id=\"90\" src=\"https:\/\/deportes.unsa.edu.ar\/wp-content\/uploads\/2022\/05\/20220531_094417-1024x461.jpg\" alt=\"\" class=\"wp-image-90\" srcset=\"https:\/\/deportes.unsa.edu.ar\/wp-content\/uploads\/2022\/05\/20220531_094417-1024x461.jpg 1024w, https:\/\/deportes.unsa.edu.ar\/wp-content\/uploads\/2022\/05\/20220531_094417-300x135.jpg 300w, https:\/\/deportes.unsa.edu.ar\/wp-content\/uploads\/2022\/05\/20220531_094417-768x346.jpg 768w, https:\/\/deportes.unsa.edu.ar\/wp-content\/uploads\/2022\/05\/20220531_094417-1536x692.jpg 1536w, https:\/\/deportes.unsa.edu.ar\/wp-content\/uploads\/2022\/05\/20220531_094417-2048x922.jpg 2048w, https:\/\/deportes.unsa.edu.ar\/wp-content\/uploads\/2022\/05\/20220531_094417-133x60.jpg 133w\" sizes=\"auto, (max-width: 1024px) 100vw, 1024px\" \/><\/figure>\n<\/figure>\n","protected":false},"excerpt":{"rendered":"<p>\u00bfC\u00f3mo me inscribo? Para inscribirte, ten\u00e9s que llenar el siguiente formulario: https:\/\/docs.google.com\/forms\/d\/e\/1FAIpQLScvXZ_DietBsH8E9deRxvKY7yHe_sdi8qGcdHE0CTpK1n_EJg\/viewform Luego, ten\u00e9s que reunir estos papeles: -Apto F\u00edsico emitido por la Direcci\u00f3n de Salud Universitaria -Copia de constancia de alumno regular o constancia de preinscripci\u00f3n -Dos fotos 4&#215;4 Una vez que tengas todo, &hellip; <\/p>\n","protected":false},"author":1,"featured_media":0,"parent":0,"menu_order":0,"comment_status":"closed","ping_status":"closed","template":"","meta":{"footnotes":""},"class_list":["post-39","page","type-page","status-publish","hentry"],"_links":{"self":[{"href":"https:\/\/deportes.unsa.edu.ar\/index.php\/wp-json\/wp\/v2\/pages\/39","targetHints":{"allow":["GET"]}}],"collection":[{"href":"https:\/\/deportes.unsa.edu.ar\/index.php\/wp-json\/wp\/v2\/pages"}],"about":[{"href":"https:\/\/deportes.unsa.edu.ar\/index.php\/wp-json\/wp\/v2\/types\/page"}],"author":[{"embeddable":true,"href":"https:\/\/deportes.unsa.edu.ar\/index.php\/wp-json\/wp\/v2\/users\/1"}],"replies":[{"embeddable":true,"href":"https:\/\/deportes.unsa.edu.ar\/index.php\/wp-json\/wp\/v2\/comments?post=39"}],"version-history":[{"count":14,"href":"https:\/\/deportes.unsa.edu.ar\/index.php\/wp-json\/wp\/v2\/pages\/39\/revisions"}],"predecessor-version":[{"id":177,"href":"https:\/\/deportes.unsa.edu.ar\/index.php\/wp-json\/wp\/v2\/pages\/39\/revisions\/177"}],"wp:attachment":[{"href":"https:\/\/deportes.unsa.edu.ar\/index.php\/wp-json\/wp\/v2\/media?parent=39"}],"curies":[{"name":"wp","href":"https:\/\/api.w.org\/{rel}","templated":true}]}}